{"id":73,"date":"2020-05-29T16:56:48","date_gmt":"2020-05-29T15:56:48","guid":{"rendered":"http:\/\/hake-weisse.de\/?page_id=73"},"modified":"2023-06-16T01:04:29","modified_gmt":"2023-06-16T00:04:29","slug":"kontakt","status":"publish","type":"page","link":"https:\/\/Praxis-hakeweisse.de\/?page_id=73","title":{"rendered":"Kontakt"},"content":{"rendered":"\n<h1 class=\"has-medium-font-size\">Kontakt<\/h1>\n\n\n\n<div class=\"is-layout-flex wp-container-3 wp-block-columns\">\n<div class=\"is-layout-flow wp-block-column\">\n<p class=\"has-medium-font-size\">Dr. med. Julia Hake-Wei\u00dfe<\/p>\n\n\n\n<p class=\"has-medium-font-size\">Praxis f\u00fcr Allgemeinmedizin<\/p>\n\n\n\n<p class=\"has-medium-font-size\">W\u00fchlischstra\u00dfe 57<\/p>\n\n\n\n<p class=\"has-medium-font-size\">10245 Berlin<\/p>\n\n\n\n<p class=\"has-medium-font-size\">Telefon: 030 \/ 2910763<\/p>\n\n\n\n<p class=\"has-medium-font-size\">Fax: 030 \/ 29494596<\/p>\n\n\n\n<p class=\"has-medium-font-size\">Email: info@praxis-hakeweisse.de<\/p>\n\n\n\n<p class=\"has-normal-font-size\"><\/p>\n<\/div>\n\n\n\n<div class=\"is-layout-flow wp-block-column\">\n    <div class=\"exggmap-wrapper is-style-wide\" style=\"aspect-ratio:350 \/ 250\">\r\n      <div class=\"exggmap-mask\" style=\"background-color: #f8d949; color:#000000\">\r\n        <div class=\"exggmap-mask-content\">\r\n        <p class=\"exggmap-caption\">DSGVO MAP<\/p>\r\n            <button style=\"color: #000000; background-color: #f6ee95; border-color: #000000\"  id=\"exggmap-btn\">\r\n            Karte laden *\r\n          <\/button>\r\n        <\/div>\r\n              <\/div>\r\n      <iframe \r\n        data-src=\"https:\/\/www.google.com\/maps\/embed?pb=!1m18!1m12!1m3!1d2428.4602139514845!2d13.465591316157132!3d52.50700997981172!2m3!1f0!2f0!3f0!3m2!1i1024!2i768!4f13.1!3m3!1m2!1s0x47a84ef6c13ef3c3%3A0x824fd92f0409cf78!2sFrau%20Dr.%20med.%20Julia%20Hake-Wei%C3%9Fe!5e0!3m2!1sde!2sde!4v1590768089405!5m2!1sde!2sde\" \r\n        frameborder=\"0\" \r\n        allowfullscreen=\"\" \r\n        aria-hidden=\"false\" \r\n        tabindex=\"0\">\r\n      <\/iframe>\r\n    <\/div>\r\n    <p class=\"exampp-hints\">\r\n    * Mit dem Laden der Karte akzeptierst du die Datenschutzerkl\u00e4rung von Google.      <a \r\n        target=\"_blank\" \r\n        rel=\"noopener noreferrer\"\r\n        href=\"https:\/\/policies.google.com\/privacy?hl=de\">Mehr erfahren<\/a>\r\n    <\/p>\r\n\t\n<\/div>\n<\/div>\n\n\n\n<p class=\"has-very-dark-gray-color has-text-color has-medium-font-size\"><div class=\"wpforms-container wpforms-container-full\" id=\"wpforms-197\"><form id=\"wpforms-form-197\" class=\"wpforms-validate wpforms-form wpforms-ajax-form\" data-formid=\"197\" method=\"post\" enctype=\"multipart\/form-data\" action=\"\/index.php?rest_route=%2Fwp%2Fv2%2Fpages%2F73\" data-token=\"51d617f056899fd4338c4298384e2df5\" data-token-time=\"1775294467\"><noscript class=\"wpforms-error-noscript\">Bitte aktiviere JavaScript in deinem Browser, um dieses Formular fertigzustellen.<\/noscript><div class=\"wpforms-field-container\"><div id=\"wpforms-197-field_4-container\" class=\"wpforms-field wpforms-field-checkbox wpforms-list-inline\" data-field-id=\"4\"><label class=\"wpforms-field-label\" for=\"wpforms-197-field_4\">Bereits Patient ? <span class=\"wpforms-required-label\">*<\/span><\/label><ul id=\"wpforms-197-field_4\" class=\"wpforms-field-required\"><li class=\"choice-1 depth-1\"><input type=\"checkbox\" id=\"wpforms-197-field_4_1\" name=\"wpforms[fields][4][]\" value=\"Ja\" required ><label class=\"wpforms-field-label-inline\" for=\"wpforms-197-field_4_1\">Ja<\/label><\/li><li class=\"choice-2 depth-1\"><input type=\"checkbox\" id=\"wpforms-197-field_4_2\" name=\"wpforms[fields][4][]\" value=\"Nein\" required ><label class=\"wpforms-field-label-inline\" for=\"wpforms-197-field_4_2\">Nein<\/label><\/li><\/ul><\/div><div id=\"wpforms-197-field_6-container\" class=\"wpforms-field wpforms-field-text\" data-field-id=\"6\"><label class=\"wpforms-field-label\" for=\"wpforms-197-field_6\">Telefonummer <span class=\"wpforms-required-label\">*<\/span><\/label><input type=\"text\" id=\"wpforms-197-field_6\" class=\"wpforms-field-small wpforms-field-required\" name=\"wpforms[fields][6]\" required><\/div><div id=\"wpforms-197-field_0-container\" class=\"wpforms-field wpforms-field-name\" data-field-id=\"0\"><label class=\"wpforms-field-label\" for=\"wpforms-197-field_0\">Name <span class=\"wpforms-required-label\">*<\/span><\/label><div class=\"wpforms-field-row wpforms-field-medium\"><div class=\"wpforms-field-row-block wpforms-first wpforms-one-half\"><input type=\"text\" id=\"wpforms-197-field_0\" class=\"wpforms-field-name-first wpforms-field-required\" name=\"wpforms[fields][0][first]\" required><label for=\"wpforms-197-field_0\" class=\"wpforms-field-sublabel after \">Vorname<\/label><\/div><div class=\"wpforms-field-row-block wpforms-one-half\"><input type=\"text\" id=\"wpforms-197-field_0-last\" class=\"wpforms-field-name-last wpforms-field-required\" name=\"wpforms[fields][0][last]\" required><label for=\"wpforms-197-field_0-last\" class=\"wpforms-field-sublabel after \">Nachname<\/label><\/div><\/div><\/div><div id=\"wpforms-197-field_1-container\" class=\"wpforms-field wpforms-field-email\" data-field-id=\"1\"><label class=\"wpforms-field-label\" for=\"wpforms-197-field_1\">E-Mail <span class=\"wpforms-required-label\">*<\/span><\/label><input type=\"email\" id=\"wpforms-197-field_1\" class=\"wpforms-field-small wpforms-field-required\" name=\"wpforms[fields][1]\" spellcheck=\"false\" required><\/div><div id=\"wpforms-197-field_2-container\" class=\"wpforms-field wpforms-field-textarea\" data-field-id=\"2\"><label class=\"wpforms-field-label\" for=\"wpforms-197-field_2\">Nachricht <span class=\"wpforms-required-label\">*<\/span><\/label><textarea id=\"wpforms-197-field_2\" class=\"wpforms-field-medium wpforms-field-required\" name=\"wpforms[fields][2]\" required><\/textarea><\/div><\/div><!-- .wpforms-field-container --><div class=\"wpforms-field wpforms-field-hp\"><label for=\"wpforms-197-field-hp\" class=\"wpforms-field-label\">Comment<\/label><input type=\"text\" name=\"wpforms[hp]\" id=\"wpforms-197-field-hp\" class=\"wpforms-field-medium\"><\/div><div class=\"wpforms-recaptcha-container wpforms-is-recaptcha wpforms-is-recaptcha-type-v2\" ><div class=\"g-recaptcha\" data-sitekey=\"6LdWy7AaAAAAACqg__UzLbZ14C0UHUWPdNbuNnkp\"><\/div><input type=\"text\" name=\"g-recaptcha-hidden\" class=\"wpforms-recaptcha-hidden\" style=\"position:absolute!important;clip:rect(0,0,0,0)!important;height:1px!important;width:1px!important;border:0!important;overflow:hidden!important;padding:0!important;margin:0!important;\" data-rule-recaptcha=\"1\"><\/div><div class=\"wpforms-submit-container\" ><input type=\"hidden\" name=\"wpforms[id]\" value=\"197\"><input type=\"hidden\" name=\"page_title\" value=\"\"><input type=\"hidden\" name=\"page_url\" value=\"https:\/\/Praxis-hakeweisse.de\/index.php?rest_route=%2Fwp%2Fv2%2Fpages%2F73\"><button type=\"submit\" name=\"wpforms[submit]\" id=\"wpforms-submit-197\" class=\"wpforms-submit\" data-alt-text=\"Senden...\" data-submit-text=\"Absenden\" aria-live=\"assertive\" value=\"wpforms-submit\">Absenden<\/button><img src=\"https:\/\/Praxis-hakeweisse.de\/wp-content\/plugins\/wpforms-lite\/assets\/images\/submit-spin.svg\" class=\"wpforms-submit-spinner\" style=\"display: none;\" width=\"26\" height=\"26\" alt=\"Wird geladen\"><\/div><\/form><\/div>  <!-- .wpforms-container --><\/p>\n","protected":false},"excerpt":{"rendered":"<p>Kontakt Dr. med. Julia Hake-Wei\u00dfe Praxis f\u00fcr Allgemeinmedizin W\u00fchlischstra\u00dfe 57 10245 Berlin Telefon: 030 \/ 2910763 Fax: 030 \/ 29494596 Email: info@praxis-hakeweisse.de<\/p>\n","protected":false},"author":1,"featured_media":0,"parent":0,"menu_order":0,"comment_status":"closed","ping_status":"closed","template":"","meta":[],"_links":{"self":[{"href":"https:\/\/Praxis-hakeweisse.de\/index.php?rest_route=\/wp\/v2\/pages\/73"}],"collection":[{"href":"https:\/\/Praxis-hakeweisse.de\/index.php?rest_route=\/wp\/v2\/pages"}],"about":[{"href":"https:\/\/Praxis-hakeweisse.de\/index.php?rest_route=\/wp\/v2\/types\/page"}],"author":[{"embeddable":true,"href":"https:\/\/Praxis-hakeweisse.de\/index.php?rest_route=\/wp\/v2\/users\/1"}],"replies":[{"embeddable":true,"href":"https:\/\/Praxis-hakeweisse.de\/index.php?rest_route=%2Fwp%2Fv2%2Fcomments&post=73"}],"version-history":[{"count":30,"href":"https:\/\/Praxis-hakeweisse.de\/index.php?rest_route=\/wp\/v2\/pages\/73\/revisions"}],"predecessor-version":[{"id":1584,"href":"https:\/\/Praxis-hakeweisse.de\/index.php?rest_route=\/wp\/v2\/pages\/73\/revisions\/1584"}],"wp:attachment":[{"href":"https:\/\/Praxis-hakeweisse.de\/index.php?rest_route=%2Fwp%2Fv2%2Fmedia&parent=73"}],"curies":[{"name":"wp","href":"https:\/\/api.w.org\/{rel}","templated":true}]}}