{"id":682,"date":"2021-02-02T23:08:51","date_gmt":"2021-02-02T22:08:51","guid":{"rendered":"https:\/\/Praxis-hakeweisse.de\/?page_id=682"},"modified":"2022-01-03T19:41:24","modified_gmt":"2022-01-03T18:41:24","slug":"vorsorge","status":"publish","type":"page","link":"https:\/\/Praxis-hakeweisse.de\/?page_id=682","title":{"rendered":"Vorsorge"},"content":{"rendered":"\n<h1>Vorsorge<\/h1>\n\n\n\n<p class=\"has-normal-font-size\">Zum Erhalt Ihrer Gesundheit und Lebensqualit\u00e4t bieten wir Ihnen Vorsorgeuntersuchungen an.<\/p>\n\n\n\n<p class=\"has-normal-font-size\">Die Gesundheitsuntersuchung, auch als \u201eCheck-up\u201c bezeichnet, umfasst das Anamnesegespr\u00e4ch, die Ermittlung von Risiken aus der Familienanamnese, eine k\u00f6rperliche Untersuchung und die Bestimmung von Laborparametern, die eine Fr\u00fcherkennung beispielsweise von Erkrankungen der Nieren, des Herz-Kreislaufsystems und eines Diabetes mellitus erm\u00f6glichen.<\/p>\n\n\n\n<p class=\"has-normal-font-size\">Ab dem 35. Lebensjahr wird die Gesundheitsuntersuchung alle 3 Jahre empfohlen. Einmalig gibt es die M\u00f6glichkeit, auch zwischen dem 18. und 35. Lebensjahr den \u201eCheck-up\u201c mit Anamnesegespr\u00e4ch und Untersuchung durchf\u00fchren zu lassen.<\/p>\n\n\n\n<p class=\"has-normal-font-size\">Die Impfberatung und das Auffrischen der von der STIKO empfohlenen Impfungen ist bei uns immer ein wichtiger Bestandteil der Vorsorgeuntersuchung, jedoch auch au\u00dferhalb der Vorsorgetermine t\u00e4glich m\u00f6glich.<\/p>\n\n\n\n<p class=\"has-normal-font-size\">Alle 2 Jahre wird ab dem 35. Lebensjahr ein Hautkrebsscreening empfohlen. Wir differenzieren Ihre Risiken und untersuchen die Ver\u00e4nderungen der Haut.<\/p>\n\n\n\n<p class=\"has-normal-font-size\">Regelm\u00e4\u00dfig informieren wir Sie \u00fcber empfohlene Vorsorgeuntersuchungen auch bei Fach\u00e4rzten.<\/p>\n\n\n\n<p class=\"has-normal-font-size\">Die Darmkrebsvorsorge wird durch eine Darmspiegelung f\u00fcr M\u00e4nner ab dem 50. Lebensjahr, f\u00fcr Frauen ab dem 55. Lebensjahr empfohlen. In der Auswertung der Befunde legen wir Ihr individuelles Darmkrebsrisiko und den Abstand empfohlener Kontrolluntersuchungen fest.<\/p>\n\n\n\n<p class=\"has-normal-font-size\">F\u00fcr die Fr\u00fcherkennung von Brustkrebs werden vom 50. bis zum 69. Lebensjahr alle 2 Jahre Einladungen zum Mammographie-Screening in speziellen Zentren verschickt.<\/p>\n\n\n\n<p class=\"has-normal-font-size\">Ab dem 65. Lebensjahr kann f\u00fcr M\u00e4nner einmalig ein Ultraschall-Screening zur Fr\u00fcherkennung auf ein Bauchaortenaneurysma durchgef\u00fchrt werden.<\/p>\n\n\n\n<p class=\"has-normal-font-size\">Im Laufe des Lebens kann jeder Mensch durch verschiedenste Einfl\u00fcsse in gesundheitlich schwere Zeiten geraten. Wir beraten Sie \u00fcber M\u00f6glichkeiten, eine Vorsorgema\u00dfnahme in Form einer Kur oder Rehabilitation beispielsweise als Mutter\/Vater-Kind-Kur in Anspruch zu nehmen und stellen gemeinsam den Antrag.<\/p>\n","protected":false},"excerpt":{"rendered":"<p>Vorsorge Zum Erhalt Ihrer Gesundheit und Lebensqualit\u00e4t bieten wir Ihnen Vorsorgeuntersuchungen an. Die Gesundheitsuntersuchung, auch als \u201eCheck-up\u201c bezeichnet, umfasst das Anamnesegespr\u00e4ch, die Ermittlung von Risiken aus der Familienanamnese, eine k\u00f6rperliche Untersuchung und die Bestimmung von Laborparametern, die eine Fr\u00fcherkennung beispielsweise von Erkrankungen der Nieren, des Herz-Kreislaufsystems und eines Diabetes mellitus erm\u00f6glichen. Ab dem 35. Lebensjahr [&hellip;]<\/p>\n","protected":false},"author":1,"featured_media":0,"parent":29,"menu_order":5,"comment_status":"closed","ping_status":"closed","template":"","meta":[],"_links":{"self":[{"href":"https:\/\/Praxis-hakeweisse.de\/index.php?rest_route=\/wp\/v2\/pages\/682"}],"collection":[{"href":"https:\/\/Praxis-hakeweisse.de\/index.php?rest_route=\/wp\/v2\/pages"}],"about":[{"href":"https:\/\/Praxis-hakeweisse.de\/index.php?rest_route=\/wp\/v2\/types\/page"}],"author":[{"embeddable":true,"href":"https:\/\/Praxis-hakeweisse.de\/index.php?rest_route=\/wp\/v2\/users\/1"}],"replies":[{"embeddable":true,"href":"https:\/\/Praxis-hakeweisse.de\/index.php?rest_route=%2Fwp%2Fv2%2Fcomments&post=682"}],"version-history":[{"count":13,"href":"https:\/\/Praxis-hakeweisse.de\/index.php?rest_route=\/wp\/v2\/pages\/682\/revisions"}],"predecessor-version":[{"id":1432,"href":"https:\/\/Praxis-hakeweisse.de\/index.php?rest_route=\/wp\/v2\/pages\/682\/revisions\/1432"}],"up":[{"embeddable":true,"href":"https:\/\/Praxis-hakeweisse.de\/index.php?rest_route=\/wp\/v2\/pages\/29"}],"wp:attachment":[{"href":"https:\/\/Praxis-hakeweisse.de\/index.php?rest_route=%2Fwp%2Fv2%2Fmedia&parent=682"}],"curies":[{"name":"wp","href":"https:\/\/api.w.org\/{rel}","templated":true}]}}