{"id":680,"date":"2021-02-02T23:08:30","date_gmt":"2021-02-02T22:08:30","guid":{"rendered":"https:\/\/Praxis-hakeweisse.de\/?page_id=680"},"modified":"2022-01-03T19:41:08","modified_gmt":"2022-01-03T18:41:08","slug":"impfungen","status":"publish","type":"page","link":"https:\/\/Praxis-hakeweisse.de\/?page_id=680","title":{"rendered":"Impfungen"},"content":{"rendered":"\n<h1 class=\"has-medium-font-size\">Impfungen<\/h1>\n\n\n\n<p class=\"has-medium-font-size\">Der Schutz vor Infektionskrankheiten geh\u00f6rt zu den Vorsorgeleistungen. Die individuelle Beratung bieten wir Ihnen an.<\/p>\n\n\n\n<p class=\"has-medium-font-size\">Wir orientieren uns an den Empfehlungen der STIKO, der St\u00e4ndigen Impfkommission, die regelm\u00e4\u00dfig ihre Daten aktualisiert und die Impfempfehlungen an neue Entwicklungen und Erkenntnisse aus der Forschung anpasst.<\/p>\n\n\n\n<div class=\"is-layout-flex wp-block-buttons\">\n<div class=\"wp-block-button is-style-outline\"><a class=\"wp-block-button__link broken_link\" href=\"https:\/\/www.rki.de\/DE\/Content\/Kommissionen\/STIKO\/Empfehlungen\/Aktuelles\/Impfkalender.pdf\">aktueller Impfkalender des RKI als pdf<\/a><\/div>\n<\/div>\n\n\n\n<p class=\"has-medium-font-size\">Vor dem 18. Lebensjahr ist die Vervollst\u00e4ndigung aller empfohlenen Impfungen sehr wichtig. Auch f\u00fcr Erwachsene ist die Krankenkasse der Kostentr\u00e4ger f\u00fcr die Standardimpfungen und deren Auffrischimpfungen.<\/p>\n\n\n\n<p class=\"has-medium-font-size\">Dar\u00fcber hinaus gibt es Indikationsimpfungen, die bei besonderer epidemiologischer Situation oder auch bei besonderer Gef\u00e4hrdung f\u00fcr Kinder, Jugendliche und Erwachsene indiziert sein k\u00f6nnen. Diese Gef\u00e4hrdung mit einem erh\u00f6hten Erkrankungs- oder Komplikationsrisiko kann bei Vorliegen einer chronischen Erkrankung bestehen.<\/p>\n\n\n\n<p class=\"has-medium-font-size\">Die Impfungen aufgrund eines beruflichen Risikos werden zum Beispiel nach Gef\u00e4hrdungsbeurteilung gem\u00e4\u00df Arbeitsschutzgesetz festgelegt. Hierzu geben wir Hinweise, die Beratung f\u00e4llt jedoch in Ihre arbeitsmedizinische Vorsorge.<\/p>\n\n\n\n<p class=\"has-medium-font-size\">Planen Sie eine Reise, so beraten wir Sie zu landestypischen Risiken von Infektionskrankheiten. Nach Festlegung Ihrer Reiseroute erstellen wir Ihren individuellen Reiseimpfplan. Dabei ist es wichtig, die Art des Reisens, die Dauer des Aufenthaltes, die Jahreszeit und Ihre eigenen Gesundheitsparameter einflie\u00dfen zu lassen. Auch \u00fcber andere spezifische Schutzma\u00dfnahmen vor \u00fcbertragbaren Krankheiten vor Ort informieren wir Sie gern.<\/p>\n\n\n\n<p class=\"has-medium-font-size\"><span style=\"color:#e6c801\" class=\"tadv-color\">Zu den empfohlenen Auffrischimpfungen f\u00fcr Jugendliche und Erwachsene geh\u00f6ren beispielsweise:<\/span><\/p>\n\n\n\n<p class=\"has-medium-font-size\">\u2022 Tetanus (Wundstarrkrampf) und Diphtherie alle 10 Jahre<\/p>\n\n\n\n<p class=\"has-medium-font-size\">\u2022 Keuchhusten (Pertussis) einmal im Erwachsenenalter (18.-60. Lebensjahr)<\/p>\n\n\n\n<p class=\"has-medium-font-size\">\u2022 Poliomyelitis f\u00fcr alle bei fehlender oder unvollst\u00e4ndiger Grundimmunisierung, f\u00fcr alle ohne einmalige Auffrischimpfung<\/p>\n\n\n\n<p class=\"has-medium-font-size\">\u2022 Masern einmalig, wenn Sie nach 1970 geboren sind, \u00e4lter als 18 Jahre sind und einen unklaren Impfschutz haben, ohne Impfung oder nur einmal in der Kindheit gegen Masern geimpft wurden.<\/p>\n\n\n\n<p class=\"has-medium-font-size\">\u2022 R\u00f6teln f\u00fcr Frauen, die ungeimpft, nur einmal geimpft oder einen unklaren Impfstatus haben und in geb\u00e4rf\u00e4higem Alter sind<\/p>\n\n\n\n<p class=\"has-medium-font-size\">\u2022 Masern, Mumps, R\u00f6teln als berufsbedingte Impfung in bestimmten T\u00e4tigkeitsbereichen<\/p>\n\n\n\n<p class=\"has-medium-font-size\">\u2022 FSME (Fr\u00fchsommermeningoenzephalitis) bei Aufenthalt in FSME-Risikogebieten alle 5 Jahre nach abgeschlossener Grundimmunisierung<\/p>\n\n\n\n<p class=\"has-medium-font-size\">\u2022 HPV (Humane Papillomviren) f\u00fcr alle Kinder und Jugendlichen im Alter von 9-14 Jahren, sp\u00e4testens bis zum Alter von 17 Jahren den Impfschutz vervollst\u00e4ndigen<\/p>\n\n\n\n<p class=\"has-medium-font-size\">\u2022 Pneumokokken ab 60 Jahre oder als Indikationsimpfung bei chronisch kranken Kindern, Jugendlichen und Erwachsenen<\/p>\n\n\n\n<p class=\"has-medium-font-size\">\u2022 j\u00e4hrliche Grippeimpfung f\u00fcr chronisch Kranke, Schwangere, Personen ab 60 Jahren und Menschen mit erh\u00f6hter Infektionsgefahr, zum Beispiel medizinisches Personal<\/p>\n\n\n\n<p class=\"has-medium-font-size\">\u2022 G\u00fcrtelrose (Herpes Zoster), wenn Sie \u00fcber 60 Jahre sind oder ab dem 50. Lebensjahr mit chronischen Grunderkrankungen wie beispielsweise Diabetes mellitus, Asthma bronchiale.<\/p>\n\n\n\n<p class=\"has-medium-font-size\">Wir freuen uns auf Sie.<\/p>\n","protected":false},"excerpt":{"rendered":"<p>Impfungen Der Schutz vor Infektionskrankheiten geh\u00f6rt zu den Vorsorgeleistungen. Die individuelle Beratung bieten wir Ihnen an. Wir orientieren uns an den Empfehlungen der STIKO, der St\u00e4ndigen Impfkommission, die regelm\u00e4\u00dfig ihre Daten aktualisiert und die Impfempfehlungen an neue Entwicklungen und Erkenntnisse aus der Forschung anpasst. Vor dem 18. Lebensjahr ist die Vervollst\u00e4ndigung aller empfohlenen Impfungen sehr [&hellip;]<\/p>\n","protected":false},"author":1,"featured_media":0,"parent":29,"menu_order":4,"comment_status":"closed","ping_status":"closed","template":"","meta":[],"_links":{"self":[{"href":"https:\/\/Praxis-hakeweisse.de\/index.php?rest_route=\/wp\/v2\/pages\/680"}],"collection":[{"href":"https:\/\/Praxis-hakeweisse.de\/index.php?rest_route=\/wp\/v2\/pages"}],"about":[{"href":"https:\/\/Praxis-hakeweisse.de\/index.php?rest_route=\/wp\/v2\/types\/page"}],"author":[{"embeddable":true,"href":"https:\/\/Praxis-hakeweisse.de\/index.php?rest_route=\/wp\/v2\/users\/1"}],"replies":[{"embeddable":true,"href":"https:\/\/Praxis-hakeweisse.de\/index.php?rest_route=%2Fwp%2Fv2%2Fcomments&post=680"}],"version-history":[{"count":13,"href":"https:\/\/Praxis-hakeweisse.de\/index.php?rest_route=\/wp\/v2\/pages\/680\/revisions"}],"predecessor-version":[{"id":1431,"href":"https:\/\/Praxis-hakeweisse.de\/index.php?rest_route=\/wp\/v2\/pages\/680\/revisions\/1431"}],"up":[{"embeddable":true,"href":"https:\/\/Praxis-hakeweisse.de\/index.php?rest_route=\/wp\/v2\/pages\/29"}],"wp:attachment":[{"href":"https:\/\/Praxis-hakeweisse.de\/index.php?rest_route=%2Fwp%2Fv2%2Fmedia&parent=680"}],"curies":[{"name":"wp","href":"https:\/\/api.w.org\/{rel}","templated":true}]}}