{"id":678,"date":"2021-02-02T23:08:07","date_gmt":"2021-02-02T22:08:07","guid":{"rendered":"https:\/\/Praxis-hakeweisse.de\/?page_id=678"},"modified":"2022-01-03T19:40:51","modified_gmt":"2022-01-03T18:40:51","slug":"koordination","status":"publish","type":"page","link":"https:\/\/Praxis-hakeweisse.de\/?page_id=678","title":{"rendered":"Koordination"},"content":{"rendered":"\n<h1>Koordination medizinischer Ma\u00dfnahmen und Behandlungen<\/h1>\n\n\n\n<p class=\"has-normal-font-size\">Mit umfangreichem medizinischem Fachwissen bieten wir Ihnen eine vielseitige Beratung zu Gesundheitsrisiken, Diagnostik und Therapie von Erkrankungen. <\/p>\n\n\n\n<p class=\"has-normal-font-size\">Dabei stehen Sie als Patient:in im Mittelpunkt.<\/p>\n\n\n\n<p class=\"has-normal-font-size\">Wir sprechen Jugendliche, junge Erwachsene und Menschen bis ins hohe Alter an.<\/p>\n\n\n\n<p class=\"has-normal-font-size\">Eine auff\u00e4llige Symptomatik oder Befunde in Vorsorgeuntersuchungen erfordern eine umfangreiche Diagnostik, die Einbeziehung sozialer und pers\u00f6nlicher Faktoren und gegebenenfalls eine zielgerichtete Vorstellung bei Spezialisten.<\/p>\n\n\n\n<p class=\"has-normal-font-size\">Eine fachgerechte Behandlung wird eingeleitet. Wir begleiten Sie, koordinieren die Kontrolluntersuchungen, beraten zu famili\u00e4ren Risiken und differenzieren die Therapiema\u00dfnahmen. <\/p>\n\n\n\n<p class=\"has-normal-font-size\">Patient:innen mit speziellen chronischen Erkrankungen erhalten eine Schulung, andere Informationen \u00fcber Beratungsstellen, Selbsthilfegruppen oder den Antrag f\u00fcr einen Kur- oder Rehabilitationsaufenthalt.<\/p>\n\n\n\n<p class=\"has-normal-font-size\">Im Alter oder bei deutlichen gesundheitlichen Einschr\u00e4nkungen unterst\u00fctzen wir Sie im Erhalt der Selbstst\u00e4ndigkeit im eigenen Wohnumfeld. Die M\u00f6glichkeit einer \u00e4rztlichen Versorgung im Hausbesuch ist gegeben. Eine Beratung \u00fcber die Aufgaben einer Hauskrankenpflege und andere Pflegema\u00dfnahmen und Pflegehilfsmittel bieten wir an.<\/p>\n\n\n\n<p class=\"has-normal-font-size\">Unser Ziel ist ein gemeinsamer Weg mit vielseitiger und individueller Unterst\u00fctzung.<\/p>\n","protected":false},"excerpt":{"rendered":"<p>Koordination medizinischer Ma\u00dfnahmen und Behandlungen Mit umfangreichem medizinischem Fachwissen bieten wir Ihnen eine vielseitige Beratung zu Gesundheitsrisiken, Diagnostik und Therapie von Erkrankungen. Dabei stehen Sie als Patient:in im Mittelpunkt. Wir sprechen Jugendliche, junge Erwachsene und Menschen bis ins hohe Alter an. Eine auff\u00e4llige Symptomatik oder Befunde in Vorsorgeuntersuchungen erfordern eine umfangreiche Diagnostik, die Einbeziehung sozialer [&hellip;]<\/p>\n","protected":false},"author":1,"featured_media":0,"parent":29,"menu_order":3,"comment_status":"closed","ping_status":"closed","template":"","meta":[],"_links":{"self":[{"href":"https:\/\/Praxis-hakeweisse.de\/index.php?rest_route=\/wp\/v2\/pages\/678"}],"collection":[{"href":"https:\/\/Praxis-hakeweisse.de\/index.php?rest_route=\/wp\/v2\/pages"}],"about":[{"href":"https:\/\/Praxis-hakeweisse.de\/index.php?rest_route=\/wp\/v2\/types\/page"}],"author":[{"embeddable":true,"href":"https:\/\/Praxis-hakeweisse.de\/index.php?rest_route=\/wp\/v2\/users\/1"}],"replies":[{"embeddable":true,"href":"https:\/\/Praxis-hakeweisse.de\/index.php?rest_route=%2Fwp%2Fv2%2Fcomments&post=678"}],"version-history":[{"count":8,"href":"https:\/\/Praxis-hakeweisse.de\/index.php?rest_route=\/wp\/v2\/pages\/678\/revisions"}],"predecessor-version":[{"id":1430,"href":"https:\/\/Praxis-hakeweisse.de\/index.php?rest_route=\/wp\/v2\/pages\/678\/revisions\/1430"}],"up":[{"embeddable":true,"href":"https:\/\/Praxis-hakeweisse.de\/index.php?rest_route=\/wp\/v2\/pages\/29"}],"wp:attachment":[{"href":"https:\/\/Praxis-hakeweisse.de\/index.php?rest_route=%2Fwp%2Fv2%2Fmedia&parent=678"}],"curies":[{"name":"wp","href":"https:\/\/api.w.org\/{rel}","templated":true}]}}