{"id":675,"date":"2021-02-02T23:07:48","date_gmt":"2021-02-02T22:07:48","guid":{"rendered":"https:\/\/Praxis-hakeweisse.de\/?page_id=675"},"modified":"2022-01-03T19:40:33","modified_gmt":"2022-01-03T18:40:33","slug":"qualitaetsgesicherte-leistungen","status":"publish","type":"page","link":"https:\/\/Praxis-hakeweisse.de\/?page_id=675","title":{"rendered":"Qualit\u00e4tsgesicherte Leistungen"},"content":{"rendered":"\n<div class=\"is-layout-flex wp-container-2 wp-block-columns\">\n<div class=\"is-layout-flow wp-block-column\" style=\"flex-basis:100%\">\n<h1>Qualit\u00e4tsgesicherte Leistungen<\/h1>\n\n\n\n<p class=\"has-medium-font-size\">Teilnahme als koordinierende \u00c4rztin am Disease Management Programm (DMP):<\/p>\n\n\n\n<figure class=\"wp-block-table is-style-stripes\"><table><tbody><tr><td>Diabetes mellitus Typ 2<\/td><\/tr><tr><td>Koronare Herzkrankheit<\/td><\/tr><tr><td>Asthma bronchiale<\/td><\/tr><tr><td>Chronisch obstruktive Lungenkrankheit COPD<\/td><\/tr><\/tbody><\/table><\/figure>\n<\/div>\n<\/div>\n\n\n\n<p class=\"has-medium-font-size\">Psychosomatische Grundversorgung<\/p>\n\n\n\n<figure class=\"wp-block-table is-style-stripes\"><table><tbody><tr><td>Differentialdiagnostische Kl\u00e4rung psychosomatischer Krankheitszust\u00e4nde<\/td><\/tr><tr><td>Verbale Intervention bei psychosomatischen Krankheitszust\u00e4nden<\/td><\/tr><\/tbody><\/table><\/figure>\n","protected":false},"excerpt":{"rendered":"<p>Qualit\u00e4tsgesicherte Leistungen Teilnahme als koordinierende \u00c4rztin am Disease Management Programm (DMP): Diabetes mellitus Typ 2 Koronare Herzkrankheit Asthma bronchiale Chronisch obstruktive Lungenkrankheit COPD Psychosomatische Grundversorgung Differentialdiagnostische Kl\u00e4rung psychosomatischer Krankheitszust\u00e4nde Verbale Intervention bei psychosomatischen Krankheitszust\u00e4nden<\/p>\n","protected":false},"author":1,"featured_media":0,"parent":29,"menu_order":1,"comment_status":"closed","ping_status":"closed","template":"","meta":[],"_links":{"self":[{"href":"https:\/\/Praxis-hakeweisse.de\/index.php?rest_route=\/wp\/v2\/pages\/675"}],"collection":[{"href":"https:\/\/Praxis-hakeweisse.de\/index.php?rest_route=\/wp\/v2\/pages"}],"about":[{"href":"https:\/\/Praxis-hakeweisse.de\/index.php?rest_route=\/wp\/v2\/types\/page"}],"author":[{"embeddable":true,"href":"https:\/\/Praxis-hakeweisse.de\/index.php?rest_route=\/wp\/v2\/users\/1"}],"replies":[{"embeddable":true,"href":"https:\/\/Praxis-hakeweisse.de\/index.php?rest_route=%2Fwp%2Fv2%2Fcomments&post=675"}],"version-history":[{"count":11,"href":"https:\/\/Praxis-hakeweisse.de\/index.php?rest_route=\/wp\/v2\/pages\/675\/revisions"}],"predecessor-version":[{"id":1429,"href":"https:\/\/Praxis-hakeweisse.de\/index.php?rest_route=\/wp\/v2\/pages\/675\/revisions\/1429"}],"up":[{"embeddable":true,"href":"https:\/\/Praxis-hakeweisse.de\/index.php?rest_route=\/wp\/v2\/pages\/29"}],"wp:attachment":[{"href":"https:\/\/Praxis-hakeweisse.de\/index.php?rest_route=%2Fwp%2Fv2%2Fmedia&parent=675"}],"curies":[{"name":"wp","href":"https:\/\/api.w.org\/{rel}","templated":true}]}}