{"id":671,"date":"2021-02-02T23:06:26","date_gmt":"2021-02-02T22:06:26","guid":{"rendered":"https:\/\/Praxis-hakeweisse.de\/?page_id=671"},"modified":"2022-01-03T19:40:20","modified_gmt":"2022-01-03T18:40:20","slug":"gesundheitsleistungen","status":"publish","type":"page","link":"https:\/\/Praxis-hakeweisse.de\/?page_id=671","title":{"rendered":"Gesundheitsleistungen"},"content":{"rendered":"\n<h1>Gesundheitsleistungen<\/h1>\n\n\n\n<div class=\"is-layout-flex wp-container-3 wp-block-columns\">\n<div class=\"is-layout-flow wp-block-column\">\n<figure class=\"wp-block-table is-style-stripes\"><table><tbody><tr><td>Akutdiagnostik<\/td><\/tr><tr><td>Diagnostik und Therapie chronischer Erkrankungen<\/td><\/tr><tr><td>Vorsorgeuntersuchungen (ab 35. Lj.)<\/td><\/tr><tr><td>Gesundheitsvorsorge<\/td><\/tr><tr><td>Hautkrebsscreening<\/td><\/tr><tr><td>Impfungen und Impfberatung<\/td><\/tr><tr><td>Laboruntersuchungen<\/td><\/tr><tr><td>EKG-Elektrokardiogramm<\/td><\/tr><tr><td>Langzeitblutdruck<\/td><\/tr><tr><td>Lungenfunktionsdiagnostik<\/td><\/tr><tr><td>Geriatrisches Basisassessment<\/td><\/tr><tr><td>Antrag auf Schwerbehinderung<\/td><\/tr><tr><td>Pflegeleistungen und Hilfsmittelversorgung<\/td><\/tr><tr><td>Hausbesuche im Einzugsgebiet<\/td><\/tr><\/tbody><\/table><\/figure>\n\n\n\n<p><\/p>\n<\/div>\n\n\n\n<div class=\"is-layout-flow wp-block-column\">\n<figure class=\"wp-block-table is-style-stripes\"><table><tbody><tr><td>Reiseimpfungen und Reiseimpfberatung<\/td><\/tr><tr><td>Kinesiologisches Tapen<\/td><\/tr><tr><td>Untersuchungen f\u00fcr Atteste<\/td><\/tr><tr><td>Gutachten<\/td><\/tr><tr><td>Versicherungen<\/td><\/tr><tr><td>Kur- und Rentenantr\u00e4ge<\/td><\/tr><tr><td>Rehabilitationsantr\u00e4ge<\/td><\/tr><tr><td>Gesundheitszeugnis<\/td><\/tr><tr><td>Sporttauglichkeit<\/td><\/tr><tr><td>Tauglichkeitsuntersuchung f\u00fcr:<\/td><\/tr><tr><td>MPU<\/td><\/tr><tr><td>LKW-F\u00fchrerschein<\/td><\/tr><tr><td>Bootsf\u00fchrerschein<\/td><\/tr><tr><td>Jugendarbeitsschutzuntersuchung<\/td><\/tr><\/tbody><\/table><\/figure>\n<\/div>\n<\/div>\n\n\n\n<p><\/p>\n\n\n\n<p><\/p>\n\n\n\n<p><\/p>\n\n\n\n<p><\/p>\n\n\n\n<p><\/p>\n\n\n\n<p><\/p>\n\n\n\n<p><\/p>\n\n\n\n<p><\/p>\n\n\n\n<p><\/p>\n\n\n\n<p><\/p>\n\n\n\n<p><\/p>\n","protected":false},"excerpt":{"rendered":"<p>Gesundheitsleistungen Akutdiagnostik Diagnostik und Therapie chronischer Erkrankungen Vorsorgeuntersuchungen (ab 35. Lj.) Gesundheitsvorsorge Hautkrebsscreening Impfungen und Impfberatung Laboruntersuchungen EKG-Elektrokardiogramm Langzeitblutdruck Lungenfunktionsdiagnostik Geriatrisches Basisassessment Antrag auf Schwerbehinderung Pflegeleistungen und Hilfsmittelversorgung Hausbesuche im Einzugsgebiet Reiseimpfungen und Reiseimpfberatung Kinesiologisches Tapen Untersuchungen f\u00fcr Atteste Gutachten Versicherungen Kur- und Rentenantr\u00e4ge Rehabilitationsantr\u00e4ge Gesundheitszeugnis Sporttauglichkeit Tauglichkeitsuntersuchung f\u00fcr: MPU LKW-F\u00fchrerschein Bootsf\u00fchrerschein Jugendarbeitsschutzuntersuchung<\/p>\n","protected":false},"author":1,"featured_media":0,"parent":29,"menu_order":1,"comment_status":"closed","ping_status":"closed","template":"","meta":[],"_links":{"self":[{"href":"https:\/\/Praxis-hakeweisse.de\/index.php?rest_route=\/wp\/v2\/pages\/671"}],"collection":[{"href":"https:\/\/Praxis-hakeweisse.de\/index.php?rest_route=\/wp\/v2\/pages"}],"about":[{"href":"https:\/\/Praxis-hakeweisse.de\/index.php?rest_route=\/wp\/v2\/types\/page"}],"author":[{"embeddable":true,"href":"https:\/\/Praxis-hakeweisse.de\/index.php?rest_route=\/wp\/v2\/users\/1"}],"replies":[{"embeddable":true,"href":"https:\/\/Praxis-hakeweisse.de\/index.php?rest_route=%2Fwp%2Fv2%2Fcomments&post=671"}],"version-history":[{"count":11,"href":"https:\/\/Praxis-hakeweisse.de\/index.php?rest_route=\/wp\/v2\/pages\/671\/revisions"}],"predecessor-version":[{"id":1428,"href":"https:\/\/Praxis-hakeweisse.de\/index.php?rest_route=\/wp\/v2\/pages\/671\/revisions\/1428"}],"up":[{"embeddable":true,"href":"https:\/\/Praxis-hakeweisse.de\/index.php?rest_route=\/wp\/v2\/pages\/29"}],"wp:attachment":[{"href":"https:\/\/Praxis-hakeweisse.de\/index.php?rest_route=%2Fwp%2Fv2%2Fmedia&parent=671"}],"curies":[{"name":"wp","href":"https:\/\/api.w.org\/{rel}","templated":true}]}}