{"id":651,"date":"2021-01-25T23:53:02","date_gmt":"2021-01-25T22:53:02","guid":{"rendered":"https:\/\/Praxis-hakeweisse.de\/?page_id=651"},"modified":"2026-01-01T13:37:31","modified_gmt":"2026-01-01T12:37:31","slug":"infektionsschutz","status":"publish","type":"page","link":"https:\/\/Praxis-hakeweisse.de\/?page_id=651","title":{"rendered":"Infektionsschutz"},"content":{"rendered":"\n<h1>Infektionsschutz<\/h1>\n\n\n\n<h1>Aufkl\u00e4rungsb\u00f6gen zu COVID-Impfung des Robert-Koch-Institutes<\/h1>\n\n\n\n<div class=\"is-layout-flex wp-block-buttons\"><\/div>\n\n\n\n<h1 class=\"has-medium-font-size\">Aktuelle Hinweise zum Infektionsschutz<\/h1>\n\n\n\n<p class=\"has-medium-font-size\">Wir haben f\u00fcr Sie einige Links zusammengestellt, die Ihnen helfen, sich mit den aktuellen Empfehlungen f\u00fcr den Infektionsschutz vertraut zu machen.<\/p>\n\n\n\n<div class=\"is-layout-flex wp-block-buttons\">\n<div class=\"wp-block-button is-style-outline\">Informationen rund um das Coronavirus der Bundeszentrale f\u00fcr gesundheitliche Aufkl\u00e4rung (BZgA)<\/div>\n\n\n\n<div class=\"wp-block-button is-style-outline\"><a class=\"wp-block-button__link wp-element-button broken_link\" href=\"https:\/\/www.rki.de\/DE\/Content\/InfAZ\/N\/Neuartiges_Coronavirus\/Quarantaene\/haeusl-Isolierung.html\" target=\"_blank\" rel=\"noreferrer noopener\">RKI-Flyer f\u00fcr Patienten und Angeh\u00f6rige: H\u00e4usliche Isolierung bei best\u00e4tigter Covid-19-Erkrankung (German)<\/a><\/div>\n\n\n\n<div class=\"wp-block-button is-style-outline\"><a class=\"wp-block-button__link wp-element-button broken_link\" href=\"https:\/\/www.rki.de\/DE\/Content\/InfAZ\/N\/Neuartiges_Coronavirus\/Quarantaene\/Inhalt.html\" target=\"_blank\" rel=\"noreferrer noopener\">RKI-Flyer f\u00fcr Kontaktpersonen: H\u00e4usliche Quarant\u00e4ne (vom Gesundheitsamt angeordnet (German)<\/a><\/div>\n<\/div>\n\n\n\n<p><\/p>\n","protected":false},"excerpt":{"rendered":"<p>Infektionsschutz Aufkl\u00e4rungsb\u00f6gen zu COVID-Impfung des Robert-Koch-Institutes Aktuelle Hinweise zum Infektionsschutz Wir haben f\u00fcr Sie einige Links zusammengestellt, die Ihnen helfen, sich mit den aktuellen Empfehlungen f\u00fcr den Infektionsschutz vertraut zu machen.<\/p>\n","protected":false},"author":1,"featured_media":0,"parent":0,"menu_order":0,"comment_status":"closed","ping_status":"closed","template":"","meta":[],"_links":{"self":[{"href":"https:\/\/Praxis-hakeweisse.de\/index.php?rest_route=\/wp\/v2\/pages\/651"}],"collection":[{"href":"https:\/\/Praxis-hakeweisse.de\/index.php?rest_route=\/wp\/v2\/pages"}],"about":[{"href":"https:\/\/Praxis-hakeweisse.de\/index.php?rest_route=\/wp\/v2\/types\/page"}],"author":[{"embeddable":true,"href":"https:\/\/Praxis-hakeweisse.de\/index.php?rest_route=\/wp\/v2\/users\/1"}],"replies":[{"embeddable":true,"href":"https:\/\/Praxis-hakeweisse.de\/index.php?rest_route=%2Fwp%2Fv2%2Fcomments&post=651"}],"version-history":[{"count":47,"href":"https:\/\/Praxis-hakeweisse.de\/index.php?rest_route=\/wp\/v2\/pages\/651\/revisions"}],"predecessor-version":[{"id":1689,"href":"https:\/\/Praxis-hakeweisse.de\/index.php?rest_route=\/wp\/v2\/pages\/651\/revisions\/1689"}],"wp:attachment":[{"href":"https:\/\/Praxis-hakeweisse.de\/index.php?rest_route=%2Fwp%2Fv2%2Fmedia&parent=651"}],"curies":[{"name":"wp","href":"https:\/\/api.w.org\/{rel}","templated":true}]}}