{"id":64,"date":"2020-05-29T02:08:16","date_gmt":"2020-05-29T01:08:16","guid":{"rendered":"http:\/\/hake-weisse.de\/?page_id=64"},"modified":"2022-09-12T21:01:29","modified_gmt":"2022-09-12T20:01:29","slug":"impressum","status":"publish","type":"page","link":"https:\/\/Praxis-hakeweisse.de\/?page_id=64","title":{"rendered":"Impressum"},"content":{"rendered":"\n<h2>Impressum<\/h2>\n\n\n\n<p class=\"has-medium-font-size\">Dr. med. Julia Hake-Wei\u00dfe<br>W\u00fchlischstra\u00dfe 57<br>10245\u00a0 Berlin<br>Telefon: 030 \/ 2910763<br>Fax: 030 \/ 29494596<br>E-Mail: info@praxis-hakeweisse.de<\/p>\n\n\n\n<p class=\"has-normal-font-size\"><br>Rechtsform: Arztpraxis<\/p>\n\n\n\n<p class=\"has-normal-font-size\">Inhaberin: Dr. med. Julia Hake-Wei\u00dfe<\/p>\n\n\n\n<p class=\"has-normal-font-size\">Aufsichtsbeh\u00f6rde: \u00c4rztekammer Berlin<\/p>\n\n\n\n<p class=\"has-normal-font-size\">Kammer: \u00c4rztekammer Berlin<\/p>\n\n\n\n<p class=\"has-normal-font-size\">Berufsbezeichnung: Fach\u00e4rztin f\u00fcr Allgemeinmedzin<\/p>\n\n\n\n<p class=\"has-medium-font-size\">Berufliche Regelungen:<\/p>\n\n\n\n<p class=\"has-normal-font-size\">Dr. med. Julia Hake-Wei\u00dfe ist Mitglied in der \u00c4rztekammer Berlin. Die geltende Berufsordnung k\u00f6nnen Sie bei der \u00c4rztekammer Berlin nachlesen.<\/p>\n\n\n\n<p class=\"has-normal-font-size\">Wir erheben, verarbeiten und nutzen Ihre Daten nur im Rahmen der gesetzlichen Bestimmungen. Diese Datenschutzerkl\u00e4rung gilt ausschlie\u00dflich f\u00fcr die Nutzung der von uns angebotenen Webseiten. Sie gilt nicht f\u00fcr die Webseiten anderer Dienstanbieter, auf die wir lediglich durch einen Link verweisen. Siehe auch \u201cDatenschutzhinweis\u201d<\/p>\n\n\n\n<p class=\"has-normal-font-size\">Bei der Nutzung unserer Webseiten bleiben Sie anonym, solange Sie uns nicht von sich aus freiwillig personenbezogene Daten zur Verf\u00fcgung stellen. Personenbezogene Daten werden nur dann erhoben, wenn dies f\u00fcr die Nutzung der auf der Webseite angebotenen Leistungen, insbesondere Formularangebote, erforderlich ist.<\/p>\n\n\n\n<p class=\"has-normal-font-size\">Wir werden die von Ihnen zur Verf\u00fcgung gestellten Daten streng vertraulich behandeln. Ohne Ihre ausdr\u00fcckliche Einwilligung geben wir keine pers\u00f6nlichen Daten weiter, es sei denn, dass wir rechtlich dazu verpflichtet sind. Wir weisen jedoch darauf hin, dass es bei der \u00dcbermittlung von Daten im Internet immer dazu kommen kann, dass Dritte Ihre Daten zur Kenntnis nehmen oder verf\u00e4lschen.<\/p>\n\n\n\n<p class=\"has-normal-font-size\">Sofern Sie es von uns verlangen, gew\u00e4hren wir Ihnen Einblick in die \u00fcber Sie gespeicherten Daten, beziehungsweise l\u00f6schen diese. Wenn Sie Daten berichtigen, l\u00f6schen oder einsehen wollen, gen\u00fcgt hierf\u00fcr ein Schreiben an die im Impressum angegebene Adresse.<\/p>\n","protected":false},"excerpt":{"rendered":"<p>Impressum Dr. med. Julia Hake-Wei\u00dfeW\u00fchlischstra\u00dfe 5710245\u00a0 BerlinTelefon: 030 \/ 2910763Fax: 030 \/ 29494596E-Mail: info@praxis-hakeweisse.de Rechtsform: Arztpraxis Inhaberin: Dr. med. Julia Hake-Wei\u00dfe Aufsichtsbeh\u00f6rde: \u00c4rztekammer Berlin Kammer: \u00c4rztekammer Berlin Berufsbezeichnung: Fach\u00e4rztin f\u00fcr Allgemeinmedzin Berufliche Regelungen: Dr. med. Julia Hake-Wei\u00dfe ist Mitglied in der \u00c4rztekammer Berlin. Die geltende Berufsordnung k\u00f6nnen Sie bei der \u00c4rztekammer Berlin nachlesen. Wir erheben, [&hellip;]<\/p>\n","protected":false},"author":1,"featured_media":0,"parent":0,"menu_order":0,"comment_status":"closed","ping_status":"closed","template":"","meta":[],"_links":{"self":[{"href":"https:\/\/Praxis-hakeweisse.de\/index.php?rest_route=\/wp\/v2\/pages\/64"}],"collection":[{"href":"https:\/\/Praxis-hakeweisse.de\/index.php?rest_route=\/wp\/v2\/pages"}],"about":[{"href":"https:\/\/Praxis-hakeweisse.de\/index.php?rest_route=\/wp\/v2\/types\/page"}],"author":[{"embeddable":true,"href":"https:\/\/Praxis-hakeweisse.de\/index.php?rest_route=\/wp\/v2\/users\/1"}],"replies":[{"embeddable":true,"href":"https:\/\/Praxis-hakeweisse.de\/index.php?rest_route=%2Fwp%2Fv2%2Fcomments&post=64"}],"version-history":[{"count":8,"href":"https:\/\/Praxis-hakeweisse.de\/index.php?rest_route=\/wp\/v2\/pages\/64\/revisions"}],"predecessor-version":[{"id":1490,"href":"https:\/\/Praxis-hakeweisse.de\/index.php?rest_route=\/wp\/v2\/pages\/64\/revisions\/1490"}],"wp:attachment":[{"href":"https:\/\/Praxis-hakeweisse.de\/index.php?rest_route=%2Fwp%2Fv2%2Fmedia&parent=64"}],"curies":[{"name":"wp","href":"https:\/\/api.w.org\/{rel}","templated":true}]}}