{"id":4,"date":"2020-05-28T22:40:00","date_gmt":"2020-05-28T22:40:00","guid":{"rendered":"http:\/\/hake-weisse.de\/willkommen-auf-http-hake-weisse-de"},"modified":"2026-01-01T13:45:53","modified_gmt":"2026-01-01T12:45:53","slug":"willkommen-auf-http-hake-weisse-de-2","status":"publish","type":"page","link":"https:\/\/Praxis-hakeweisse.de\/","title":{"rendered":"Herzlich Willkommen in unserer Praxis"},"content":{"rendered":"\n<h1 class=\"has-text-align-center has-black-color has-text-color\"><strong>Herzlich Willkommen in unserer Praxis in Berlin-Friedrichshain<\/strong><\/h1>\n\n\n\n<p class=\"has-text-align-center has-medium-font-size\">Mit Herz nehmen wir uns Zeit f\u00fcr Sie und Ihre Gesundheit &#8211; auf den einzelnen Menschen bezogen ein Zustand des k\u00f6rperlichen und geistigen subjektiven Wohlbefindens.<\/p>\n\n\n\n<p class=\"has-text-align-center has-medium-font-size\">Wir beraten in medizinischen und sozialen Fragen, wir behandeln in Akutsituationen und Verlaufskonsultationen, wir begleiten den Jugendlichen, den Erwachsenen und den \u00e4lteren Menschen bis ins hohe Alter.<\/p>\n\n\n\n<p class=\"has-text-align-center has-medium-font-size\">Sie als Patient:in stehen im Zentrum unseres Handelns mit Qualit\u00e4t und Leistung im vertrauensvollen Umgang.&nbsp;<\/p>\n\n\n\n<p class=\"has-text-align-center has-medium-font-size\">Wir freuen uns auf Sie.<\/p>\n\n\n\n<p class=\"has-text-align-center has-medium-font-size\">Ihr Praxisteam<\/p>\n\n\n\n<hr class=\"wp-block-separator has-text-color has-css-opacity has-background is-style-wide\" style=\"background-color:#f7d019;color:#f7d019\"\/>\n\n\n\n<p class=\"has-white-color has-text-color\">..<\/p>\n\n\n\n<div class=\"is-layout-flex wp-container-8 wp-block-columns\">\n<div class=\"is-layout-flow wp-block-column\"><div class=\"wp-block-image is-style-rounded\">\n<figure class=\"aligncenter size-large\"><img decoding=\"async\" loading=\"lazy\" width=\"150\" height=\"150\" src=\"https:\/\/praxis-hakeweisse.de\/wp-content\/uploads\/2021\/04\/herzkreisnew2021-temp-2.png\" alt=\"\" class=\"wp-image-1210\"\/><\/figure><\/div>\n\n\n<h1 class=\"has-text-align-center\" id=\"1312314680\">Akutdiagnostik<\/h1>\n\n\n\n<p class=\"has-text-align-left has-medium-font-size\">Haben Sie akute Beschwerden, kommen Sie bitte zu den unten angegebenen Sprechzeiten in Abh\u00e4ngigkeit von Infektzeichen in die Praxis. Auch bei Verdacht auf eine COVID-19-Infektion, einen Kontakt oder eine Meldung der Corona-Warn-App sind wir in der Akutsprechstunde f\u00fcr Sie da.<\/p>\n\n\n\n<div class=\"is-horizontal is-content-justification-center is-layout-flex wp-container-1 wp-block-buttons alignwide\">\n<div class=\"wp-block-button is-style-outline\"><a class=\"wp-block-button__link wp-element-button\" href=\"https:\/\/praxis-hakeweisse.de\/?page_id=25\">COVID-19<\/a><\/div>\n<\/div>\n\n\n\n<p class=\"has-white-color has-text-color\">.<\/p>\n<\/div>\n\n\n\n<div class=\"is-layout-flow wp-block-column\"><div class=\"wp-block-image is-style-rounded\">\n<figure class=\"aligncenter size-large\"><img decoding=\"async\" loading=\"lazy\" width=\"150\" height=\"150\" src=\"https:\/\/praxis-hakeweisse.de\/wp-content\/uploads\/2021\/04\/herzkreisnew2021-herz-4.png\" alt=\"\" class=\"wp-image-1195\"\/><\/figure><\/div>\n\n\n<h1 class=\"has-text-align-center\" id=\"block-1405bae9-c08a-44d5-aa93-b8be7b4fa44a\">Vorsorge &amp; Impfung<\/h1>\n\n\n\n<p class=\"has-text-align-left has-medium-font-size\">Wir bieten Ihnen regelm\u00e4\u00dfige Vorsorgeuntersuchungen zum Erhalt Ihrer Gesundheit und Lebensqualit\u00e4t. Das Aufzeigen von Zusammenh\u00e4ngen zwischen dem eigenen Lebensstil, famili\u00e4ren Risiken und dem aktuellen Status ist ein entscheidendes Thema. Mit der k\u00f6rperlichen Untersuchung, der Bestimmung von Laborparametern und dem Hautkrebsscreening &nbsp;erhalten Sie Ihre individuelle Pr\u00e4vention. Gern beraten wir Sie zu den aktuellen Impfempfehlungen der STIKO in Abstimmung auf Ihren Impfstatus. Ihr Schutz ist uns wichtig.<\/p>\n\n\n\n<div class=\"is-horizontal is-content-justification-center is-layout-flex wp-container-3 wp-block-buttons\">\n<div class=\"wp-block-button is-style-outline\"><a class=\"wp-block-button__link wp-element-button\" href=\"https:\/\/praxis-hakeweisse.de\/?page_id=682\">Vorsorge<\/a><\/div>\n\n\n\n<div class=\"wp-block-button is-style-outline\"><a class=\"wp-block-button__link wp-element-button\" href=\"https:\/\/praxis-hakeweisse.de\/?page_id=680\">Impfungen<\/a><\/div>\n<\/div>\n\n\n\n<p class=\"has-white-color has-text-color\">.<\/p>\n<\/div>\n\n\n\n<div class=\"is-layout-flow wp-block-column\"><div class=\"wp-block-image is-style-rounded\">\n<figure class=\"aligncenter size-large\"><img decoding=\"async\" loading=\"lazy\" width=\"150\" height=\"150\" src=\"https:\/\/praxis-hakeweisse.de\/wp-content\/uploads\/2021\/04\/herzkreis2021-edca0b.png\" alt=\"\" class=\"wp-image-1197\"\/><\/figure><\/div>\n\n\n<h1 class=\"has-text-align-center\">Langzeiterkrankungen<\/h1>\n\n\n\n<p class=\"has-text-align-left has-medium-font-size\">Die vielseitige Therapie einer Krankheit beinhaltet ein gutes Management von Ma\u00dfnahmen, jeweils angepasst an Ihre aktuelle Symptomatik unter Ber\u00fccksichtigung der Lebensumst\u00e4nde. Im vertrauensvollen Umgang f\u00fchren wir individuelle medizinische Leistungen durch. Wir koordinieren \u00e4rztliche Handlungen, beraten zu notwendigen Interventionen und nehmen Anpassungen der Therapien vor. Der gemeinsame Weg ist unser Ziel.<\/p>\n\n\n\n<div class=\"is-horizontal is-content-justification-center is-layout-flex wp-container-5 wp-block-buttons\">\n<div class=\"wp-block-button is-style-outline\"><a class=\"wp-block-button__link wp-element-button\" href=\"https:\/\/praxis-hakeweisse.de\/?page_id=671\">Gesundheitsleistungen<\/a><\/div>\n<\/div>\n\n\n\n<p><\/p>\n\n\n\n<div class=\"is-horizontal is-content-justification-center is-layout-flex wp-container-6 wp-block-buttons\">\n<div class=\"wp-block-button is-style-outline\"><a class=\"wp-block-button__link wp-element-button\" href=\"https:\/\/praxis-hakeweisse.de\/?page_id=678\">Koordination<\/a><\/div>\n<\/div>\n<\/div>\n<\/div>\n\n\n\n<p><\/p>\n","protected":false},"excerpt":{"rendered":"<p>Herzlich Willkommen in unserer Praxis in Berlin-Friedrichshain Mit Herz nehmen wir uns Zeit f\u00fcr Sie und Ihre Gesundheit &#8211; auf den einzelnen Menschen bezogen ein Zustand des k\u00f6rperlichen und geistigen subjektiven Wohlbefindens. Wir beraten in medizinischen und sozialen Fragen, wir behandeln in Akutsituationen und Verlaufskonsultationen, wir begleiten den Jugendlichen, den Erwachsenen und den \u00e4lteren Menschen [&hellip;]<\/p>\n","protected":false},"author":1,"featured_media":19,"parent":0,"menu_order":0,"comment_status":"closed","ping_status":"open","template":"","meta":[],"_links":{"self":[{"href":"https:\/\/Praxis-hakeweisse.de\/index.php?rest_route=\/wp\/v2\/pages\/4"}],"collection":[{"href":"https:\/\/Praxis-hakeweisse.de\/index.php?rest_route=\/wp\/v2\/pages"}],"about":[{"href":"https:\/\/Praxis-hakeweisse.de\/index.php?rest_route=\/wp\/v2\/types\/page"}],"author":[{"embeddable":true,"href":"https:\/\/Praxis-hakeweisse.de\/index.php?rest_route=\/wp\/v2\/users\/1"}],"replies":[{"embeddable":true,"href":"https:\/\/Praxis-hakeweisse.de\/index.php?rest_route=%2Fwp%2Fv2%2Fcomments&post=4"}],"version-history":[{"count":154,"href":"https:\/\/Praxis-hakeweisse.de\/index.php?rest_route=\/wp\/v2\/pages\/4\/revisions"}],"predecessor-version":[{"id":1696,"href":"https:\/\/Praxis-hakeweisse.de\/index.php?rest_route=\/wp\/v2\/pages\/4\/revisions\/1696"}],"wp:featuredmedia":[{"embeddable":true,"href":"https:\/\/Praxis-hakeweisse.de\/index.php?rest_route=\/wp\/v2\/media\/19"}],"wp:attachment":[{"href":"https:\/\/Praxis-hakeweisse.de\/index.php?rest_route=%2Fwp%2Fv2%2Fmedia&parent=4"}],"curies":[{"name":"wp","href":"https:\/\/api.w.org\/{rel}","templated":true}]}}