{"id":27,"date":"2020-05-29T00:59:03","date_gmt":"2020-05-28T23:59:03","guid":{"rendered":"http:\/\/hake-weisse.de\/?page_id=27"},"modified":"2022-09-12T21:01:20","modified_gmt":"2022-09-12T20:01:20","slug":"dsgvo-datenschutz","status":"publish","type":"page","link":"https:\/\/Praxis-hakeweisse.de\/?page_id=27","title":{"rendered":"Datenschutz"},"content":{"rendered":"\n<h2>Datenschutz<\/h2>\n\n\n\n<p>Patienteninformationen zum Datenschutz<\/p>\n\n\n\n<p>Sehr geehrte Patientin, sehr geehrter Patient,<\/p>\n\n\n\n<p>der Schutz Ihrer personenbezogenen Daten ist uns wichtig. Nach der EU-Datenschutz-Grundverordnung (DSGVO) sind wir verpflichtet, Sie dar\u00fcber zu informieren, zu welchem Zweck unsere Praxis Daten erhebt, speichert oder weiterleitet. Der Information k\u00f6nnen Sie auch entnehmen, welche Rechte Sie in puncto Datenschutz haben.<\/p>\n\n\n\n<p>1. Verantwortlichkeit f\u00fcr die Datenverarbeitung<\/p>\n\n\n\n<p>Verantwortlich f\u00fcr die Datenverarbeitung ist:<\/p>\n\n\n\n<p>Praxisname: Dr. med. Julia Hake-Wei\u00dfe<\/p>\n\n\n\n<p>Adresse (Stra\u00dfe, Hausnummer, Postleitzahl, Ort): W\u00fchlischstra\u00dfe 57, 10245 Berlin<\/p>\n\n\n\n<p>Kontaktdaten (z.B. Telefon, E-Mail): 030-2910763, info@praxis-hakeweisse.de<\/p>\n\n\n\n<p>2. Zweck der Datenverarbeitung<\/p>\n\n\n\n<p>Die Datenverarbeitung erfolgt aufgrund gesetzlicher Vorgaben, um den Behandlungsvertrag zwischen Ihnen und Ihrem Arzt und die damit verbundenen Pflichten zu erf\u00fcllen.<\/p>\n\n\n\n<p>Hierzu verarbeiten wir Ihre personenbezogenen Daten, insbesondere Ihre Gesundheitsdaten. Dazu z\u00e4hlen Anamnesen, Diagnosen, Therapievorschl\u00e4ge und Befunde, die wir oder andere \u00c4rzte erheben. Zu diesen Zwecken k\u00f6nnen uns auch andere \u00c4rzte oder Psychotherapeuten, bei denen Sie in Behandlung sind, Daten zur Verf\u00fcgung stellen (z.B. in Arztbriefen).<\/p>\n\n\n\n<p>Die Erhebung von Gesundheitsdaten ist Voraussetzung f\u00fcr Ihre Behandlung. Werden die notwendigen Informationen nicht bereitgestellt, kann eine sorgf\u00e4ltige Behandlung nicht erfolgen.<\/p>\n\n\n\n<p>3. Empf\u00e4nger Ihrer Daten<\/p>\n\n\n\n<p>Wir \u00fcbermitteln Ihre personenbezogenen Daten nur dann an Dritte, wenn dies gesetzlich erlaubt ist oder Sie eingewilligt haben.<\/p>\n\n\n\n<p>Empf\u00e4nger Ihrer personenbezogenen Daten k\u00f6nnen vor allem andere \u00c4rzte \/ Psychotherapeuten, Kassen\u00e4rztliche Vereinigungen, Krankenkassen, der Medizinische Dienst der Krankenversicherung, \u00c4rztekammern und privat\u00e4rztliche Verrechnungsstellen sein.<\/p>\n\n\n\n<p>Die \u00dcbermittlung erfolgt \u00fcberwiegend zum Zwecke der Abrechnung der bei Ihnen erbrachten Leistungen, zur Kl\u00e4rung von medizinischen und sich aus Ihrem Versicherungsverh\u00e4ltnis ergebenden Fragen. Im Einzelfall erfolgt die \u00dcbermittlung von Daten an weitere berechtigte Empf\u00e4nger.<\/p>\n\n\n\n<p>4. Speicherung Ihrer Daten<\/p>\n\n\n\n<p>Wir bewahren Ihre personenbezogenen Daten nur solange auf, wie dies f\u00fcr die Durchf\u00fchrung der Behandlung erforderlich ist.<\/p>\n\n\n\n<p>Aufgrund rechtlicher Vorgaben sind wir dazu verpflichtet, diese Daten mindestens 10 Jahre nach Abschluss der Behandlung aufzubewahren. Nach anderen Vorschriften k\u00f6nnen sich l\u00e4ngere Aufbewahrungsfristen ergeben, zum Beispiel 30 Jahre bei R\u00f6ntgenaufzeichnungen laut Paragraf 28 Absatz 3 der R\u00f6ntgenverordnung.<\/p>\n\n\n\n<p>5. Ihre Rechte<\/p>\n\n\n\n<p>Sie haben das Recht, \u00fcber die Sie betreffenden personenbezogenen Daten Auskunft zu erhalten. Auch k\u00f6nnen Sie die Berichtigung unrichtiger Daten verlangen.<\/p>\n\n\n\n<p>Dar\u00fcber hinaus steht Ihnen unter bestimmten Voraussetzungen das Recht auf L\u00f6schung von Daten, das Recht auf Einschr\u00e4nkung der Datenverarbeitung sowie das Recht auf Daten\u00fcbertragbarkeit zu.<\/p>\n\n\n\n<p>Die Verarbeitung Ihrer Daten erfolgt auf Basis von gesetzlichen Regelungen. Nur in Ausnahmef\u00e4llen ben\u00f6tigen wir Ihr Einverst\u00e4ndnis. In diesen F\u00e4llen haben Sie das Recht, die Einwilligung f\u00fcr die zuk\u00fcnftige Verarbeitung zu widerrufen.<\/p>\n\n\n\n<p>Sie haben ferner das Recht, sich bei der zust\u00e4ndigen Aufsichtsbeh\u00f6rde f\u00fcr den Datenschutz zu beschweren, wenn Sie der Ansicht sind, dass die Verarbeitung Ihrer personenbezogenen Daten nicht rechtm\u00e4\u00dfig erfolgt.<\/p>\n\n\n\n<p>Die Anschrift der f\u00fcr uns zust\u00e4ndigen Aufsichtsbeh\u00f6rde lautet:<\/p>\n\n\n\n<p>Name:&nbsp;Maja Smoltczyk&nbsp; Berliner Beauftragte f\u00fcr Datenschutz und Informationsfreiheit<\/p>\n\n\n\n<p>Anschrift: Friedrichstra\u00dfe 219, 10969 Berlin<\/p>\n\n\n\n<p>6. Rechtliche Grundlagen<\/p>\n\n\n\n<p>Rechtsgrundlage f\u00fcr die Verarbeitung Ihrer Daten ist Artikel 9 Absatz 2 lit. h) DSGVO in Verbindung mit Paragraf 22 Absatz 1 Nr. 1 lit. b) Bundesdatenschutzgesetz. Sollten Sie Fragen haben, k\u00f6nnen Sie sich gern an uns wenden.<\/p>\n\n\n\n<p>Ihr Praxisteam<\/p>\n\n\n\n<p><\/p>\n","protected":false},"excerpt":{"rendered":"<p>Datenschutz Patienteninformationen zum Datenschutz Sehr geehrte Patientin, sehr geehrter Patient, der Schutz Ihrer personenbezogenen Daten ist uns wichtig. Nach der EU-Datenschutz-Grundverordnung (DSGVO) sind wir verpflichtet, Sie dar\u00fcber zu informieren, zu welchem Zweck unsere Praxis Daten erhebt, speichert oder weiterleitet. Der Information k\u00f6nnen Sie auch entnehmen, welche Rechte Sie in puncto Datenschutz haben. 1. Verantwortlichkeit f\u00fcr [&hellip;]<\/p>\n","protected":false},"author":1,"featured_media":0,"parent":0,"menu_order":0,"comment_status":"closed","ping_status":"closed","template":"","meta":[],"_links":{"self":[{"href":"https:\/\/Praxis-hakeweisse.de\/index.php?rest_route=\/wp\/v2\/pages\/27"}],"collection":[{"href":"https:\/\/Praxis-hakeweisse.de\/index.php?rest_route=\/wp\/v2\/pages"}],"about":[{"href":"https:\/\/Praxis-hakeweisse.de\/index.php?rest_route=\/wp\/v2\/types\/page"}],"author":[{"embeddable":true,"href":"https:\/\/Praxis-hakeweisse.de\/index.php?rest_route=\/wp\/v2\/users\/1"}],"replies":[{"embeddable":true,"href":"https:\/\/Praxis-hakeweisse.de\/index.php?rest_route=%2Fwp%2Fv2%2Fcomments&post=27"}],"version-history":[{"count":8,"href":"https:\/\/Praxis-hakeweisse.de\/index.php?rest_route=\/wp\/v2\/pages\/27\/revisions"}],"predecessor-version":[{"id":1491,"href":"https:\/\/Praxis-hakeweisse.de\/index.php?rest_route=\/wp\/v2\/pages\/27\/revisions\/1491"}],"wp:attachment":[{"href":"https:\/\/Praxis-hakeweisse.de\/index.php?rest_route=%2Fwp%2Fv2%2Fmedia&parent=27"}],"curies":[{"name":"wp","href":"https:\/\/api.w.org\/{rel}","templated":true}]}}