{"id":250,"date":"2021-01-17T16:29:57","date_gmt":"2021-01-17T15:29:57","guid":{"rendered":"https:\/\/Praxis-hakeweisse.de\/?page_id=250"},"modified":"2024-04-24T15:05:27","modified_gmt":"2024-04-24T14:05:27","slug":"akutsprechzeiten","status":"publish","type":"page","link":"https:\/\/Praxis-hakeweisse.de\/?page_id=250","title":{"rendered":"Akutsprechzeiten"},"content":{"rendered":"\n<h1 class=\"has-medium-font-size\">Akutsprechzeiten<\/h1>\n\n\n\n<p class=\"has-medium-font-size\">Akutsprechstunde f\u00fcr Patienten <strong>mit<\/strong> Infektzeichen<\/p>\n\n\n\n<p style=\"font-size:16px\">Bitte erscheinen Sie rechtzeitig in der Praxis, da bei hohem Patientenaufkommen ein fr\u00fcherer Annahmestopp m\u00f6glich ist!<\/p>\n\n\n\n<figure class=\"wp-block-table is-style-stripes\"><table class=\"has-background\" style=\"background-color:#e9fbe5\"><tbody><tr><td>Montag<\/td><td>Um 08:00 Uhr<\/td><\/tr><tr><td>Dienstag<\/td><td>Um 12:00 Uhr<\/td><\/tr><tr><td>Mittwoch<\/td><td><\/td><\/tr><tr><td>Donnerstag<\/td><td>Um 08:00 Uhr<\/td><\/tr><tr><td>Freitag<\/td><td>Um 08:00 Uhr<\/td><\/tr><\/tbody><\/table><\/figure>\n\n\n\n<p class=\"has-medium-font-size\">Akutsprechstunde f\u00fcr Patienten<strong> ohne<\/strong> Infektzeichen<\/p>\n\n\n\n<p style=\"font-size:16px\">Bitte erscheinen Sie rechtzeitig in der Praxis, da bei hohem Patientenaufkommen ein fr\u00fcherer Annahmestopp m\u00f6glich ist!<\/p>\n\n\n\n<figure class=\"wp-block-table is-style-stripes\"><table class=\"has-background\" style=\"background-color:#e9fbe5\"><tbody><tr><td>Montag<\/td><td>Um 09:00 Uhr<\/td><\/tr><tr><td>Dienstag<\/td><td>Um 13:00 Uhr<\/td><\/tr><tr><td>Mittwoch<\/td><td><\/td><\/tr><tr><td>Donnerstag<\/td><td>Um 09:00 Uhr<\/td><\/tr><tr><td>Freitag<\/td><td>Um 09:00 Uhr<\/td><\/tr><\/tbody><\/table><\/figure>\n","protected":false},"excerpt":{"rendered":"<p>Akutsprechzeiten Akutsprechstunde f\u00fcr Patienten mit Infektzeichen Bitte erscheinen Sie rechtzeitig in der Praxis, da bei hohem Patientenaufkommen ein fr\u00fcherer Annahmestopp m\u00f6glich ist! Montag Um 08:00 Uhr Dienstag Um 12:00 Uhr Mittwoch Donnerstag Um 08:00 Uhr Freitag Um 08:00 Uhr Akutsprechstunde f\u00fcr Patienten ohne Infektzeichen Bitte erscheinen Sie rechtzeitig in der Praxis, da bei hohem Patientenaufkommen [&hellip;]<\/p>\n","protected":false},"author":1,"featured_media":0,"parent":0,"menu_order":0,"comment_status":"closed","ping_status":"closed","template":"","meta":[],"_links":{"self":[{"href":"https:\/\/Praxis-hakeweisse.de\/index.php?rest_route=\/wp\/v2\/pages\/250"}],"collection":[{"href":"https:\/\/Praxis-hakeweisse.de\/index.php?rest_route=\/wp\/v2\/pages"}],"about":[{"href":"https:\/\/Praxis-hakeweisse.de\/index.php?rest_route=\/wp\/v2\/types\/page"}],"author":[{"embeddable":true,"href":"https:\/\/Praxis-hakeweisse.de\/index.php?rest_route=\/wp\/v2\/users\/1"}],"replies":[{"embeddable":true,"href":"https:\/\/Praxis-hakeweisse.de\/index.php?rest_route=%2Fwp%2Fv2%2Fcomments&post=250"}],"version-history":[{"count":15,"href":"https:\/\/Praxis-hakeweisse.de\/index.php?rest_route=\/wp\/v2\/pages\/250\/revisions"}],"predecessor-version":[{"id":1628,"href":"https:\/\/Praxis-hakeweisse.de\/index.php?rest_route=\/wp\/v2\/pages\/250\/revisions\/1628"}],"wp:attachment":[{"href":"https:\/\/Praxis-hakeweisse.de\/index.php?rest_route=%2Fwp%2Fv2%2Fmedia&parent=250"}],"curies":[{"name":"wp","href":"https:\/\/api.w.org\/{rel}","templated":true}]}}