{"id":25,"date":"2020-05-29T00:58:12","date_gmt":"2020-05-28T23:58:12","guid":{"rendered":"http:\/\/hake-weisse.de\/?page_id=25"},"modified":"2023-01-25T18:03:25","modified_gmt":"2023-01-25T17:03:25","slug":"corona-verdacht","status":"publish","type":"page","link":"https:\/\/Praxis-hakeweisse.de\/?page_id=25","title":{"rendered":"Covid-19"},"content":{"rendered":"\n<h1>Covid-19<\/h1>\n\n\n\n<p class=\"has-medium-font-size\"><strong>Informationen zur Covid-19-Impfung:<\/strong><\/p>\n\n\n\n<p class=\"has-medium-font-size\"><strong>Termine f\u00fcr die Booster-Impfungen k\u00f6nnen Sie ausschlie\u00dflich per Mail, \u00fcber das Kontaktformular oder telefonisch vereinbaren.<\/strong><\/p>\n\n\n\n<p class=\"has-medium-font-size\"><strong>Erst- und Zweitimpfungen werden in unserer Praxis nicht mehr durchgef\u00fchrt.<\/strong><\/p>\n\n\n\n<p class=\"has-medium-font-size\"><strong>F\u00fcr alle Personen ab 12 Jahren ist eine Booster-Impfung (3. Impfung) \u2265 6 Monate nach abgeschlossener Grundimmunisierung oder Infektion empfohlen.<\/strong><\/p>\n\n\n\n<p class=\"has-medium-font-size\"><strong>Eine 2. Booster-Impfung (4. Impfung) \u2265 6 Monate nach 1. Booster oder Infektion ist empfohlen f\u00fcr<\/strong><\/p>\n\n\n\n<p class=\"has-medium-font-size\"><strong>1) Personen ab 60 Jahren<\/strong><\/p>\n\n\n\n<p class=\"has-medium-font-size\"><strong>2) chronisch Erkrankte ab 12 Jahren und deren Kontaktpersonen<\/strong><\/p>\n\n\n\n<p class=\"has-medium-font-size\"><strong>3) Frauen mit Kinderwunsch, Schwangere und Stillende und deren Kontaktpersonen<\/strong><\/p>\n\n\n\n<p class=\"has-medium-font-size\"><strong>4) Bewohner:innen von Pflege- u.a. Wohneinrichtungen<\/strong><\/p>\n\n\n\n<p class=\"has-medium-font-size\"><strong>5) Personen mit beruflich bedingter Empfehlung.<\/strong><\/p>\n\n\n\n<p class=\"has-medium-font-size\"><strong>Bitte bringen Sie zu Ihrem Impftermin die vollst\u00e4ndig ausgef\u00fcllten und unterschriebenen Aufkl\u00e4rungs- und Einverst\u00e4ndnis-Erkl\u00e4rungen f\u00fcr mRNA-Impfstoffe mit. F\u00fcr Personen zwischen 12 und 17 Jahren ist eine Unterschrift der Eltern erforderlich.<\/strong><\/p>\n\n\n\n<div class=\"is-horizontal is-content-justification-center is-layout-flex wp-container-1 wp-block-buttons\">\n<div class=\"wp-block-button is-style-outline\"><a class=\"wp-block-button__link wp-element-button broken_link\" href=\"https:\/\/praxis-hakeweisse.de\/?page_id=651\">COVID-19-Impfaufkl\u00e4rung<\/a><\/div>\n<\/div>\n\n\n\n<p><\/p>\n\n\n\n<div class=\"is-horizontal is-content-justification-center is-layout-flex wp-container-2 wp-block-buttons\">\n<div class=\"wp-block-button is-style-outline\"><a class=\"wp-block-button__link wp-element-button\" href=\"https:\/\/praxis-hakeweisse.de\/?page_id=73\">Kontakt<\/a><\/div>\n<\/div>\n\n\n\n<p class=\"has-medium-font-size\"><strong>Hotline Gesundheitsamt Berlin Tel.: 030 \/ 90 28 28 28 (08:00 &#8211; 20:00 Uhr)<\/strong><\/p>\n\n\n\n<p class=\"has-medium-font-size\">\u00c4rztlicher Bereitschaftsdienst der KV Berlin: Tel.: 116 117<\/p>\n\n\n\n<p class=\"has-medium-font-size\">Im Notfall Rettungsdienst Tel.: 112<\/p>\n\n\n\n<div class=\"is-layout-flex wp-container-5 wp-block-columns\">\n<div class=\"is-layout-flow wp-block-column\"><\/div>\n\n\n\n<div class=\"is-layout-flow wp-block-column\"><\/div>\n<\/div>\n\n\n\n<p class=\"has-black-color has-text-color has-medium-font-size\">Vielen Dank.<\/p>\n\n\n\n<p class=\"has-black-color has-text-color has-medium-font-size\">Ihr Praxisteam<\/p>\n","protected":false},"excerpt":{"rendered":"<p>Covid-19 Informationen zur Covid-19-Impfung: Termine f\u00fcr die Booster-Impfungen k\u00f6nnen Sie ausschlie\u00dflich per Mail, \u00fcber das Kontaktformular oder telefonisch vereinbaren. Erst- und Zweitimpfungen werden in unserer Praxis nicht mehr durchgef\u00fchrt. F\u00fcr alle Personen ab 12 Jahren ist eine Booster-Impfung (3. Impfung) \u2265 6 Monate nach abgeschlossener Grundimmunisierung oder Infektion empfohlen. Eine 2. Booster-Impfung (4. Impfung) \u2265 [&hellip;]<\/p>\n","protected":false},"author":1,"featured_media":0,"parent":23,"menu_order":0,"comment_status":"closed","ping_status":"closed","template":"","meta":[],"_links":{"self":[{"href":"https:\/\/Praxis-hakeweisse.de\/index.php?rest_route=\/wp\/v2\/pages\/25"}],"collection":[{"href":"https:\/\/Praxis-hakeweisse.de\/index.php?rest_route=\/wp\/v2\/pages"}],"about":[{"href":"https:\/\/Praxis-hakeweisse.de\/index.php?rest_route=\/wp\/v2\/types\/page"}],"author":[{"embeddable":true,"href":"https:\/\/Praxis-hakeweisse.de\/index.php?rest_route=\/wp\/v2\/users\/1"}],"replies":[{"embeddable":true,"href":"https:\/\/Praxis-hakeweisse.de\/index.php?rest_route=%2Fwp%2Fv2%2Fcomments&post=25"}],"version-history":[{"count":33,"href":"https:\/\/Praxis-hakeweisse.de\/index.php?rest_route=\/wp\/v2\/pages\/25\/revisions"}],"predecessor-version":[{"id":1557,"href":"https:\/\/Praxis-hakeweisse.de\/index.php?rest_route=\/wp\/v2\/pages\/25\/revisions\/1557"}],"up":[{"embeddable":true,"href":"https:\/\/Praxis-hakeweisse.de\/index.php?rest_route=\/wp\/v2\/pages\/23"}],"wp:attachment":[{"href":"https:\/\/Praxis-hakeweisse.de\/index.php?rest_route=%2Fwp%2Fv2%2Fmedia&parent=25"}],"curies":[{"name":"wp","href":"https:\/\/api.w.org\/{rel}","templated":true}]}}